{"id":42,"date":"2023-07-18T18:49:14","date_gmt":"2023-07-18T23:49:14","guid":{"rendered":"http:\/\/giralcambios.com.co\/?page_id=42"},"modified":"2024-09-16T17:15:21","modified_gmt":"2024-09-16T22:15:21","slug":"requisitos","status":"publish","type":"page","link":"https:\/\/giralcambios.com.co\/index.php\/requisitos\/","title":{"rendered":"REQUISITOS"},"content":{"rendered":"<div class=\"boldgrid-section\">\n<div class=\"container\">\n<div class=\"row row-spacing-lg\">\n<div class=\"col-md-6 col-sm-12 col-xs-12\">\n<h2 class=\"h2\" style=\"margin-top: 0;\">Persona Natural<\/h2>\n<div class=\"row bg-editor-hr-wrap\">\n<div class=\"col-md-12 col-xs-12 col-sm-12\">\n<div>\n<hr class=\"bg-hr color1-color bg-hr-15\" style=\"width: 50px; margin: 0px 80px 40px 0px; border-radius: 100px;\" \/>\n<\/div>\n<\/div>\n<\/div>\n<p style=\"margin-bottom: 2em;\">Siempre debe presentar su documento de identidad.<br \/>\nLos documentos de identidad validos para personas naturales que realizan operaciones de cambio son:<br \/>\n-C\u00e9dula de ciudadan\u00eda<br \/>\n-C\u00e9dula de extranjer\u00eda (Extranjeros residentes en el pa\u00eds)<br \/>\n-Pasaporte vigente (Extranjeros)<br \/>\n-DNI &#8211; Documento Nacional de Identidad (Para personas residentes en pa\u00edses miembros y asociados a la MERCOSUR)<\/p>\n<h2 class=\"h2\" style=\"margin-top: 0;\">Empresa<\/h2>\n<p>Cuando se trate de una empresa, debe presentar los siguientes documentos:<br \/>\n-Certificado de existencia y representaci\u00f3n legal<br \/>\n-Rut (Registro \u00danico Tributario)<br \/>\n-Fotocopia del documento de identidad del representante legal<br \/>\n-Certificado de composici\u00f3n accionaria.<br \/>\n-Cuando la transacci\u00f3n sea realizada por un tercero, debe presentar carta de autorizaci\u00f3n, firmada por el representante legal, indicando el monto y el origen o destino de las divisas.<\/p>\n<p>-Si alguno de los socios es una empresa y posee el 25% o m\u00e1s de participaci\u00f3n, se deben anexar los mismos documentos mencionados anteriormente.<\/p>\n<h4 class=\"h2\" style=\"margin-top: 0;\">\u00a1Importante !<\/h4>\n<p>-Para el cambio de sus divisas, debe proporcionar datos b\u00e1sicos como: direcci\u00f3n, tel\u00e9fono, ocupaci\u00f3n, e-mail, origen o destino de los recursos.<br \/>\n-Es de obligatorio cumplimiento informarnos si es usted PEP (personas expuestas pol\u00edticamente), maneja dineros del estado, es conyugue o compa\u00f1ero(a) permanente o familiar de un PEP hasta segundo grado de consanguinidad.<\/p>\n<p>-Las operaciones que superen una cuant\u00eda de 10.000 USD o su equivalente en otras divisas, deber\u00e1n tener una DEBIDA DILIGENCIA intensificada y establecer la procedencia de los fondos para la realizaci\u00f3n de la operaci\u00f3n y el destino de los mismos.<\/p>\n<p>-Es nuestro deber entregarle la declaraci\u00f3n de cambio. No olvide exigirla.<\/p>\n<form enctype=\"multipart\/form-data\" method=\"post\" novalidate=\"novalidate\"><\/form>\n<\/div>\n<div class=\"col-md-5 col-sm-12 col-xs-12\">\n<div class=\"bg-box\">\n<div class=\"row\">\n<div class=\"col-md-12 col-xs-12 col-sm-12\">\n<div class=\"bg-img bg-img-3 bg-box bg-box-square bg-box-cover color-3-text-contrast color3-background-color\" style=\"margin-top: 2.2em; padding: 2em 3em;\">\n<p style=\"margin-top: 3.1em;\"><i class=\"fa bg-inserted-icon fa-facebook-square color1-color\" style=\"font-size: 22px; margin-right: .9em;\" aria-hidden=\"true\"><span style=\"display: none;\">\u00a0<\/span><\/i><i class=\"fa bg-inserted-icon fa-twitter-square color1-color\" style=\"font-size: 22px; margin-right: .9em;\" aria-hidden=\"true\"><span style=\"display: none;\">\u00a0<\/span><\/i><i class=\"fa bg-inserted-icon fa-google-plus-square color1-color\" style=\"font-size: 22px; margin-right: .9em;\" aria-hidden=\"true\"><span style=\"display: none;\">\u00a0<\/span><\/i><i class=\"fa bg-inserted-icon fa-linkedin-square color1-color\" style=\"font-size: 22px; margin-right: .9em;\" aria-hidden=\"true\"><span style=\"display: none;\">\u00a0<\/span><\/i><i class=\"fa bg-inserted-icon fa-youtube-square color1-color\" style=\"font-size: 22px; margin-right: .9em;\" aria-hidden=\"true\"><span style=\"display: none;\">\u00a0<\/span><\/i><\/p>\n<\/div>\n<\/div>\n<\/div>\n<\/div>\n<\/div>\n<\/div>\n<\/div>\n<\/div>\n","protected":false},"excerpt":{"rendered":"<p>Persona Natural Siempre debe presentar su documento de identidad. Los documentos de identidad validos para personas naturales que realizan operaciones de cambio son: -C\u00e9dula de ciudadan\u00eda -C\u00e9dula de extranjer\u00eda (Extranjeros residentes en el pa\u00eds) -Pasaporte vigente (Extranjeros) -DNI &#8211; Documento Nacional de Identidad (Para personas residentes en pa\u00edses miembros y asociados a la MERCOSUR) Empresa &hellip; <\/p>\n<p class=\"link-more\"><a href=\"https:\/\/giralcambios.com.co\/index.php\/requisitos\/\" class=\"more-link\">Leer m\u00e1s<span class=\"screen-reader-text\"> \u00abREQUISITOS\u00bb<\/span><\/a><\/p>\n","protected":false},"author":1,"featured_media":116,"parent":0,"menu_order":0,"comment_status":"closed","ping_status":"closed","template":"","meta":{"_acf_changed":false,"om_disable_all_campaigns":false,"footnotes":""},"class_list":["post-42","page","type-page","status-publish","has-post-thumbnail","hentry"],"acf":[],"yoast_head":"<!-- This site is optimized with the Yoast SEO plugin v24.4 - https:\/\/yoast.com\/wordpress\/plugins\/seo\/ -->\n<title>Requisitos Clientes GiralCambios - Cambio de Divisas Simplificado<\/title>\n<meta name=\"description\" content=\"Descubre los sencillos pasos para cambiar divisas con GiralCambios. Proceso claro y seguro.\" \/>\n<meta name=\"robots\" content=\"noindex, follow, max-snippet:-1, max-image-preview:large, max-video-preview:-1\" \/>\n<meta property=\"og:locale\" content=\"es_ES\" \/>\n<meta property=\"og:type\" content=\"article\" \/>\n<meta property=\"og:title\" content=\"Requisitos Clientes GiralCambios - Cambio de Divisas Simplificado\" \/>\n<meta property=\"og:description\" content=\"Descubre los sencillos pasos para cambiar divisas con GiralCambios. Proceso claro y seguro.\" \/>\n<meta property=\"og:url\" content=\"https:\/\/giralcambios.com.co\/index.php\/requisitos\/\" \/>\n<meta property=\"og:site_name\" content=\"GiralCambios\" \/>\n<meta property=\"article:publisher\" content=\"https:\/\/www.facebook.com\/profile.php?id=100094050130948&amp;mibextid=ZbWKwL\" \/>\n<meta property=\"article:modified_time\" content=\"2024-09-16T22:15:21+00:00\" \/>\n<meta property=\"og:image\" content=\"https:\/\/giralcambios.com.co\/wp-content\/uploads\/2023\/07\/requisitos-del-producto.jpg\" \/>\n\t<meta property=\"og:image:width\" content=\"2221\" \/>\n\t<meta property=\"og:image:height\" content=\"1666\" \/>\n\t<meta property=\"og:image:type\" content=\"image\/jpeg\" \/>\n<meta name=\"twitter:card\" content=\"summary_large_image\" \/>\n<meta name=\"twitter:label1\" content=\"Tiempo de lectura\" \/>\n\t<meta name=\"twitter:data1\" content=\"2 minutos\" \/>\n<script type=\"application\/ld+json\" class=\"yoast-schema-graph\">{\"@context\":\"https:\/\/schema.org\",\"@graph\":[{\"@type\":\"WebPage\",\"@id\":\"https:\/\/giralcambios.com.co\/index.php\/requisitos\/\",\"url\":\"https:\/\/giralcambios.com.co\/index.php\/requisitos\/\",\"name\":\"Requisitos Clientes GiralCambios - Cambio de Divisas Simplificado\",\"isPartOf\":{\"@id\":\"https:\/\/giralcambios.com.co\/#website\"},\"primaryImageOfPage\":{\"@id\":\"https:\/\/giralcambios.com.co\/index.php\/requisitos\/#primaryimage\"},\"image\":{\"@id\":\"https:\/\/giralcambios.com.co\/index.php\/requisitos\/#primaryimage\"},\"thumbnailUrl\":\"https:\/\/giralcambios.com.co\/wp-content\/uploads\/2023\/07\/requisitos-del-producto.jpg\",\"datePublished\":\"2023-07-18T23:49:14+00:00\",\"dateModified\":\"2024-09-16T22:15:21+00:00\",\"description\":\"Descubre los sencillos pasos para cambiar divisas con GiralCambios. Proceso claro y seguro.\",\"breadcrumb\":{\"@id\":\"https:\/\/giralcambios.com.co\/index.php\/requisitos\/#breadcrumb\"},\"inLanguage\":\"es-CO\",\"potentialAction\":[{\"@type\":\"ReadAction\",\"target\":[\"https:\/\/giralcambios.com.co\/index.php\/requisitos\/\"]}]},{\"@type\":\"ImageObject\",\"inLanguage\":\"es-CO\",\"@id\":\"https:\/\/giralcambios.com.co\/index.php\/requisitos\/#primaryimage\",\"url\":\"https:\/\/giralcambios.com.co\/wp-content\/uploads\/2023\/07\/requisitos-del-producto.jpg\",\"contentUrl\":\"https:\/\/giralcambios.com.co\/wp-content\/uploads\/2023\/07\/requisitos-del-producto.jpg\",\"width\":2221,\"height\":1666,\"caption\":\"The questionnaire. 3d\"},{\"@type\":\"BreadcrumbList\",\"@id\":\"https:\/\/giralcambios.com.co\/index.php\/requisitos\/#breadcrumb\",\"itemListElement\":[{\"@type\":\"ListItem\",\"position\":1,\"name\":\"Home\",\"item\":\"https:\/\/giralcambios.com.co\/\"},{\"@type\":\"ListItem\",\"position\":2,\"name\":\"REQUISITOS\"}]},{\"@type\":\"WebSite\",\"@id\":\"https:\/\/giralcambios.com.co\/#website\",\"url\":\"https:\/\/giralcambios.com.co\/\",\"name\":\"GiralCambios\",\"description\":\"Compra y venta de divisas\",\"publisher\":{\"@id\":\"https:\/\/giralcambios.com.co\/#organization\"},\"potentialAction\":[{\"@type\":\"SearchAction\",\"target\":{\"@type\":\"EntryPoint\",\"urlTemplate\":\"https:\/\/giralcambios.com.co\/?s={search_term_string}\"},\"query-input\":{\"@type\":\"PropertyValueSpecification\",\"valueRequired\":true,\"valueName\":\"search_term_string\"}}],\"inLanguage\":\"es-CO\"},{\"@type\":\"Organization\",\"@id\":\"https:\/\/giralcambios.com.co\/#organization\",\"name\":\"GiralCambios\",\"url\":\"https:\/\/giralcambios.com.co\/\",\"logo\":{\"@type\":\"ImageObject\",\"inLanguage\":\"es-CO\",\"@id\":\"https:\/\/giralcambios.com.co\/#\/schema\/logo\/image\/\",\"url\":\"http:\/\/giralcambios.com.co\/wp-content\/uploads\/2023\/07\/giralcambios.png\",\"contentUrl\":\"http:\/\/giralcambios.com.co\/wp-content\/uploads\/2023\/07\/giralcambios.png\",\"width\":26,\"height\":26,\"caption\":\"GiralCambios\"},\"image\":{\"@id\":\"https:\/\/giralcambios.com.co\/#\/schema\/logo\/image\/\"},\"sameAs\":[\"https:\/\/www.facebook.com\/profile.php?id=100094050130948&mibextid=ZbWKwL\",\"https:\/\/instagram.com\/giralcambios?igshid=Y2IzZGU1MTFhOQ==\"]}]}<\/script>\n<!-- \/ Yoast SEO plugin. -->","yoast_head_json":{"title":"Requisitos Clientes GiralCambios - Cambio de Divisas Simplificado","description":"Descubre los sencillos pasos para cambiar divisas con GiralCambios. Proceso claro y seguro.","robots":{"index":"noindex","follow":"follow","max-snippet":"max-snippet:-1","max-image-preview":"max-image-preview:large","max-video-preview":"max-video-preview:-1"},"og_locale":"es_ES","og_type":"article","og_title":"Requisitos Clientes GiralCambios - Cambio de Divisas Simplificado","og_description":"Descubre los sencillos pasos para cambiar divisas con GiralCambios. Proceso claro y seguro.","og_url":"https:\/\/giralcambios.com.co\/index.php\/requisitos\/","og_site_name":"GiralCambios","article_publisher":"https:\/\/www.facebook.com\/profile.php?id=100094050130948&mibextid=ZbWKwL","article_modified_time":"2024-09-16T22:15:21+00:00","og_image":[{"width":2221,"height":1666,"url":"https:\/\/giralcambios.com.co\/wp-content\/uploads\/2023\/07\/requisitos-del-producto.jpg","type":"image\/jpeg"}],"twitter_card":"summary_large_image","twitter_misc":{"Tiempo de lectura":"2 minutos"},"schema":{"@context":"https:\/\/schema.org","@graph":[{"@type":"WebPage","@id":"https:\/\/giralcambios.com.co\/index.php\/requisitos\/","url":"https:\/\/giralcambios.com.co\/index.php\/requisitos\/","name":"Requisitos Clientes GiralCambios - Cambio de Divisas Simplificado","isPartOf":{"@id":"https:\/\/giralcambios.com.co\/#website"},"primaryImageOfPage":{"@id":"https:\/\/giralcambios.com.co\/index.php\/requisitos\/#primaryimage"},"image":{"@id":"https:\/\/giralcambios.com.co\/index.php\/requisitos\/#primaryimage"},"thumbnailUrl":"https:\/\/giralcambios.com.co\/wp-content\/uploads\/2023\/07\/requisitos-del-producto.jpg","datePublished":"2023-07-18T23:49:14+00:00","dateModified":"2024-09-16T22:15:21+00:00","description":"Descubre los sencillos pasos para cambiar divisas con GiralCambios. Proceso claro y seguro.","breadcrumb":{"@id":"https:\/\/giralcambios.com.co\/index.php\/requisitos\/#breadcrumb"},"inLanguage":"es-CO","potentialAction":[{"@type":"ReadAction","target":["https:\/\/giralcambios.com.co\/index.php\/requisitos\/"]}]},{"@type":"ImageObject","inLanguage":"es-CO","@id":"https:\/\/giralcambios.com.co\/index.php\/requisitos\/#primaryimage","url":"https:\/\/giralcambios.com.co\/wp-content\/uploads\/2023\/07\/requisitos-del-producto.jpg","contentUrl":"https:\/\/giralcambios.com.co\/wp-content\/uploads\/2023\/07\/requisitos-del-producto.jpg","width":2221,"height":1666,"caption":"The questionnaire. 3d"},{"@type":"BreadcrumbList","@id":"https:\/\/giralcambios.com.co\/index.php\/requisitos\/#breadcrumb","itemListElement":[{"@type":"ListItem","position":1,"name":"Home","item":"https:\/\/giralcambios.com.co\/"},{"@type":"ListItem","position":2,"name":"REQUISITOS"}]},{"@type":"WebSite","@id":"https:\/\/giralcambios.com.co\/#website","url":"https:\/\/giralcambios.com.co\/","name":"GiralCambios","description":"Compra y venta de divisas","publisher":{"@id":"https:\/\/giralcambios.com.co\/#organization"},"potentialAction":[{"@type":"SearchAction","target":{"@type":"EntryPoint","urlTemplate":"https:\/\/giralcambios.com.co\/?s={search_term_string}"},"query-input":{"@type":"PropertyValueSpecification","valueRequired":true,"valueName":"search_term_string"}}],"inLanguage":"es-CO"},{"@type":"Organization","@id":"https:\/\/giralcambios.com.co\/#organization","name":"GiralCambios","url":"https:\/\/giralcambios.com.co\/","logo":{"@type":"ImageObject","inLanguage":"es-CO","@id":"https:\/\/giralcambios.com.co\/#\/schema\/logo\/image\/","url":"http:\/\/giralcambios.com.co\/wp-content\/uploads\/2023\/07\/giralcambios.png","contentUrl":"http:\/\/giralcambios.com.co\/wp-content\/uploads\/2023\/07\/giralcambios.png","width":26,"height":26,"caption":"GiralCambios"},"image":{"@id":"https:\/\/giralcambios.com.co\/#\/schema\/logo\/image\/"},"sameAs":["https:\/\/www.facebook.com\/profile.php?id=100094050130948&mibextid=ZbWKwL","https:\/\/instagram.com\/giralcambios?igshid=Y2IzZGU1MTFhOQ=="]}]}},"_links":{"self":[{"href":"https:\/\/giralcambios.com.co\/index.php\/wp-json\/wp\/v2\/pages\/42","targetHints":{"allow":["GET"]}}],"collection":[{"href":"https:\/\/giralcambios.com.co\/index.php\/wp-json\/wp\/v2\/pages"}],"about":[{"href":"https:\/\/giralcambios.com.co\/index.php\/wp-json\/wp\/v2\/types\/page"}],"author":[{"embeddable":true,"href":"https:\/\/giralcambios.com.co\/index.php\/wp-json\/wp\/v2\/users\/1"}],"replies":[{"embeddable":true,"href":"https:\/\/giralcambios.com.co\/index.php\/wp-json\/wp\/v2\/comments?post=42"}],"version-history":[{"count":9,"href":"https:\/\/giralcambios.com.co\/index.php\/wp-json\/wp\/v2\/pages\/42\/revisions"}],"predecessor-version":[{"id":978,"href":"https:\/\/giralcambios.com.co\/index.php\/wp-json\/wp\/v2\/pages\/42\/revisions\/978"}],"wp:featuredmedia":[{"embeddable":true,"href":"https:\/\/giralcambios.com.co\/index.php\/wp-json\/wp\/v2\/media\/116"}],"wp:attachment":[{"href":"https:\/\/giralcambios.com.co\/index.php\/wp-json\/wp\/v2\/media?parent=42"}],"curies":[{"name":"wp","href":"https:\/\/api.w.org\/{rel}","templated":true}]}}